
 {"id":409,"date":"2019-01-07T13:49:54","date_gmt":"2019-01-07T13:49:54","guid":{"rendered":"http:\/\/munramallo.zapto.org:8083\/wordpress\/?page_id=409"},"modified":"2020-06-18T16:05:26","modified_gmt":"2020-06-18T16:05:26","slug":"lugares-y-medios-de-pago","status":"publish","type":"page","link":"http:\/\/haciendaramallo.com.ar\/?page_id=409","title":{"rendered":"Lugares y Medios de Pago"},"content":{"rendered":"<h3>MEDIOS DE PAGOS HABILITADOS PARA ABONAR SUS TASAS DERECHOS CONTRIBUCIONES:<\/h3>\n<h5>REDES DE COBRANZAS NO BANCARIAS:<\/h5>\n<ul>\n<li><img decoding=\"async\" loading=\"lazy\" class=\"alignnone wp-image-568\" src=\"http:\/wp-content\/uploads\/2019\/01\/rapipago.jpg\" alt=\"\" width=\"80\" height=\"52\" \/>\u00a0RAPIPAGO: Av. San Mart\u00edn 28 &#8211; Villa Ramallo.<\/li>\n<li><img decoding=\"async\" loading=\"lazy\" class=\"alignnone size-full wp-image-567\" src=\"http:\/wp-content\/uploads\/2019\/01\/pagofacil-e1547562630168.jpg\" alt=\"\" width=\"80\" height=\"51\" \/>\u00a0PAGO F\u00c1CIL: Irigoyen y Mitre &#8211; Ramallo \/ Mutual Savio &#8211; Villa Ramallo.<\/li>\n<li><img decoding=\"async\" loading=\"lazy\" class=\"alignnone size-full wp-image-566\" src=\"\/wp-content\/uploads\/2019\/01\/cobroexpress-e1547562703466.jpg\" alt=\"\" width=\"80\" height=\"51\" \/>\u00a0COBRO EXPRESS: Av. San Mart\u00edn 179 &#8211; Ramallo (Centro de Comercio).<\/li>\n<\/ul>\n<h5>PAGOS CON TARJETAS DE D\u00c9BITO &#8211; \u00daNICAMENTE EN TESORER\u00cdA MUNICIPAL<\/h5>\n<ul>\n<li>TARJETAS DE D\u00c9BITO: Visa d\u00e9bito, Maestro, Mc Debit, Lider, Becas Naci\u00f3n.<\/li>\n<\/ul>\n<h5>PAGOS POR INTERNET<\/h5>\n<ul>\n<li style=\"list-style-type: none;\">\n<ul>\n<li><img decoding=\"async\" loading=\"lazy\" class=\"alignnone wp-image-575\" src=\"http:\/wp-content\/uploads\/2019\/01\/pagomiscuentas.jpg\" alt=\"\" width=\"80\" height=\"12\" \/>\u00a0<a href=\"https:\/\/pagomiscuentas.com\/\" target=\"_blank\" rel=\"noopener noreferrer\">www.pagomiscuentas.com<\/a> (Red Banelco).<\/li>\n<li><img decoding=\"async\" loading=\"lazy\" class=\"alignnone size-full wp-image-573\" src=\"\/wp-content\/uploads\/2019\/01\/bip-e1547563289148.jpg\" alt=\"\" width=\"80\" height=\"51\" \/>\u00a0<a href=\"https:\/\/www.bancoprovincia.bancainternet.com.ar\/eBanking\/login\/inicio.htm\" target=\"_blank\" rel=\"noopener noreferrer\">www.bancoprovincia.com.ar<\/a> (Home Banking Bip &#8211; Red Link).<\/li>\n<li><img decoding=\"async\" loading=\"lazy\" class=\"alignnone size-full wp-image-687\" style=\"color: #777777; font-family: 'Open Sans', Helvetica, Arial, sans-serif; font-size: 13px;\" src=\"http:\/wp-content\/uploads\/2020\/06\/Pagar.png\" alt=\"\" width=\"111\" height=\"40\" \/><a href=\"\/?page_id=849\/\">(Consuta de Deudas)<\/a><\/li>\n<\/ul>\n<\/li>\n<\/ul>\n<h5>PAGOS POR CAJERO AUTOM\u00c1TICO<\/h5>\n<ul>\n<li><img decoding=\"async\" loading=\"lazy\" class=\"alignnone size-full wp-image-572\" src=\"http:\/wp-content\/uploads\/2019\/01\/banelco-e1547563475741.jpg\" alt=\"\" width=\"80\" height=\"50\" \/>\u00a0 \u00a0 \u00a0 \u00a0Red Banelco<\/li>\n<li><img decoding=\"async\" loading=\"lazy\" class=\"alignnone size-full wp-image-574\" src=\"http:\/wp-content\/uploads\/2019\/01\/link-e1547563518874.jpg\" alt=\"\" width=\"80\" height=\"50\" \/>\u00a0 \u00a0 \u00a0 \u00a0Red Link<\/li>\n<\/ul>\n<h5>PAGO DIRECTO<\/h5>\n<ul>\n<li>D\u00e9bito autom\u00e1tico en Cta. Cte. \/ Caja de ahorro para todos los Bancos.<\/li>\n<\/ul>\n<h5>PAGO POR CAJA<\/h5>\n<ul>\n<li>Tesorer\u00eda Municipal de Ramallo y Delegaciones.<\/li>\n<li>Banco de la Provincia de Buenos Aires y Banco de la Naci\u00f3n Argentina.<\/li>\n<\/ul>\n<p>&nbsp;<\/p>\n","protected":false},"excerpt":{"rendered":"<p>MEDIOS DE PAGOS HABILITADOS PARA ABONAR SUS TASAS DERECHOS CONTRIBUCIONES: REDES DE COBRANZAS NO BANCARIAS: \u00a0RAPIPAGO: Av. San Mart\u00edn 28 &#8211; Villa Ramallo. \u00a0PAGO F\u00c1CIL: Irigoyen y Mitre &#8211; Ramallo &#8230;<\/p>\n","protected":false},"author":1,"featured_media":0,"parent":0,"menu_order":0,"comment_status":"closed","ping_status":"closed","template":"","meta":{"footnotes":"","powered_cache_disable_cache":false},"_links":{"self":[{"href":"http:\/\/haciendaramallo.com.ar\/index.php?rest_route=\/wp\/v2\/pages\/409"}],"collection":[{"href":"http:\/\/haciendaramallo.com.ar\/index.php?rest_route=\/wp\/v2\/pages"}],"about":[{"href":"http:\/\/haciendaramallo.com.ar\/index.php?rest_route=\/wp\/v2\/types\/page"}],"author":[{"embeddable":true,"href":"http:\/\/haciendaramallo.com.ar\/index.php?rest_route=\/wp\/v2\/users\/1"}],"replies":[{"embeddable":true,"href":"http:\/\/haciendaramallo.com.ar\/index.php?rest_route=%2Fwp%2Fv2%2Fcomments&post=409"}],"version-history":[{"count":17,"href":"http:\/\/haciendaramallo.com.ar\/index.php?rest_route=\/wp\/v2\/pages\/409\/revisions"}],"predecessor-version":[{"id":564,"href":"http:\/\/haciendaramallo.com.ar\/index.php?rest_route=\/wp\/v2\/pages\/409\/revisions\/564"}],"wp:attachment":[{"href":"http:\/\/haciendaramallo.com.ar\/index.php?rest_route=%2Fwp%2Fv2%2Fmedia&parent=409"}],"curies":[{"name":"wp","href":"https:\/\/api.w.org\/{rel}","templated":true}]}}