
 {"id":63,"date":"2018-06-13T11:38:32","date_gmt":"2018-06-13T11:38:32","guid":{"rendered":"http:\/\/munramallo.zapto.org:8083\/wordpress\/?page_id=63"},"modified":"2026-03-31T15:58:25","modified_gmt":"2026-03-31T15:58:25","slug":"memoria-general-anual","status":"publish","type":"page","link":"http:\/\/haciendaramallo.com.ar\/?page_id=63","title":{"rendered":"Memoria General Anual"},"content":{"rendered":"<table style=\"border: none; height: 2035px;\" width=\"999\">\n<tbody>\n<tr style=\"height: 397px;\">\n<td style=\"border: none #000000; width: 489px; height: 397px;\">\n<h3>A\u00d1O 2012<\/h3>\n<p style=\"padding-left: 30px;\"><strong>Situaci\u00f3n Econ\u00f3mica (2\u00ba Semestre)<\/strong><\/p>\n<p style=\"padding-left: 30px;\"><a href=\"\/wp-content\/uploads\/2018\/06\/Situacion2012Sem2.pdf\" target=\"_blank\" rel=\"noopener noreferrer\"><img decoding=\"async\" loading=\"lazy\" class=\"alignnone size-full wp-image-95\" src=\"\/wp-content\/uploads\/2018\/06\/icono-pdf-e1528891427387.png\" alt=\"\" width=\"70\" height=\"70\" \/><\/a><\/p>\n<p style=\"padding-left: 30px;\"><strong>Situaci\u00f3n Econ\u00f3mica (Resultado Art. 44)<\/strong><\/p>\n<p style=\"padding-left: 30px;\"><a href=\"\/wp-content\/uploads\/2018\/06\/Situacion2012Art44.pdf\" target=\"_blank\" rel=\"noopener noreferrer\"><img decoding=\"async\" loading=\"lazy\" class=\"alignnone size-full wp-image-95\" src=\"\/wp-content\/uploads\/2018\/06\/icono-pdf-e1528891427387.png\" alt=\"\" width=\"70\" height=\"70\" \/><\/a><\/p>\n<p>&nbsp;<\/p>\n<p>&nbsp;<\/p>\n<p>&nbsp;<\/td>\n<td style=\"border: none #000000; width: 489px; height: 397px;\">\n<h3>A\u00d1O 2013<\/h3>\n<p style=\"padding-left: 30px;\"><strong>Situaci\u00f3n Econ\u00f3mica (1\u00ba Semestre)<\/strong><\/p>\n<p style=\"padding-left: 30px;\"><a href=\"\/wp-content\/uploads\/2018\/06\/Situacion2013Sem1.pdf\" target=\"_blank\" rel=\"noopener noreferrer\"><img decoding=\"async\" loading=\"lazy\" class=\"alignnone size-full wp-image-95\" src=\"\/wp-content\/uploads\/2018\/06\/icono-pdf-e1528891427387.png\" alt=\"\" width=\"70\" height=\"70\" \/><\/a><\/p>\n<p style=\"padding-left: 30px;\"><strong>Situaci\u00f3n Econ\u00f3mica (2\u00ba Semestre)<\/strong><\/p>\n<p style=\"padding-left: 30px;\"><a href=\"\/wp-content\/uploads\/2018\/06\/Situacion2013Sem2.pdf\" target=\"_blank\" rel=\"noopener noreferrer\"><img decoding=\"async\" loading=\"lazy\" class=\"alignnone size-full wp-image-95\" src=\"\/wp-content\/uploads\/2018\/06\/icono-pdf-e1528891427387.png\" alt=\"\" width=\"70\" height=\"70\" \/><\/a><\/p>\n<p style=\"padding-left: 30px;\"><strong>Situaci\u00f3n Econ\u00f3mica (Resultado Art. 44)<\/strong><\/p>\n<p style=\"padding-left: 30px;\"><a href=\"\/wp-content\/uploads\/2018\/06\/Situacion2013Art44.pdf\" target=\"_blank\" rel=\"noopener noreferrer\"><img decoding=\"async\" loading=\"lazy\" class=\"alignnone size-full wp-image-95\" src=\"\/wp-content\/uploads\/2018\/06\/icono-pdf-e1528891427387.png\" alt=\"\" width=\"70\" height=\"70\" \/><\/a><\/p>\n<\/td>\n<\/tr>\n<tr style=\"height: 397px;\">\n<td style=\"border: none #000000; width: 489px; height: 397px;\">\n<h3>A\u00d1O 2014<\/h3>\n<p style=\"padding-left: 30px;\"><strong>Situaci\u00f3n Econ\u00f3mica (1\u00ba Semestre)<\/strong><\/p>\n<p style=\"padding-left: 30px;\"><a href=\"\/wp-content\/uploads\/2018\/06\/Situacion2014Sem1.pdf\" target=\"_blank\" rel=\"noopener noreferrer\"><img decoding=\"async\" loading=\"lazy\" class=\"alignnone size-full wp-image-95\" src=\"\/wp-content\/uploads\/2018\/06\/icono-pdf-e1528891427387.png\" alt=\"\" width=\"70\" height=\"70\" \/><\/a><\/p>\n<p style=\"padding-left: 30px;\"><strong>Situaci\u00f3n Econ\u00f3mica (2\u00ba Semestre)<\/strong><\/p>\n<p style=\"padding-left: 30px;\"><a href=\"\/wp-content\/uploads\/2018\/06\/Situacion2014Sem2.pdf\" target=\"_blank\" rel=\"noopener noreferrer\"><img decoding=\"async\" loading=\"lazy\" class=\"alignnone size-full wp-image-95\" src=\"\/wp-content\/uploads\/2018\/06\/icono-pdf-e1528891427387.png\" alt=\"\" width=\"70\" height=\"70\" \/><\/a><\/p>\n<p style=\"padding-left: 30px;\"><strong>Situaci\u00f3n Econ\u00f3mica (Resultado Art. 44)<\/strong><\/p>\n<p style=\"padding-left: 30px;\"><a href=\"\/wp-content\/uploads\/2018\/06\/Situacion2014Art44.pdf\" target=\"_blank\" rel=\"noopener noreferrer\"><img decoding=\"async\" loading=\"lazy\" class=\"alignnone size-full wp-image-95\" src=\"\/wp-content\/uploads\/2018\/06\/icono-pdf-e1528891427387.png\" alt=\"\" width=\"70\" height=\"70\" \/><\/a><\/p>\n<\/td>\n<td style=\"border: none #000000; width: 489px; height: 397px;\">\n<h3>A\u00d1O 2015<\/h3>\n<p style=\"padding-left: 30px;\"><strong>Situaci\u00f3n Econ\u00f3mica (1\u00ba Semestre)<\/strong><\/p>\n<p style=\"padding-left: 30px;\"><a href=\"\/wp-content\/uploads\/2018\/06\/Situacion2015Sem1.pdf\" target=\"_blank\" rel=\"noopener noreferrer\"><img decoding=\"async\" loading=\"lazy\" class=\"alignnone size-full wp-image-95\" src=\"\/wp-content\/uploads\/2018\/06\/icono-pdf-e1528891427387.png\" alt=\"\" width=\"70\" height=\"70\" \/><\/a><\/p>\n<p style=\"padding-left: 30px;\"><strong>Situaci\u00f3n Econ\u00f3mica (2\u00ba Semestre)<\/strong><\/p>\n<p style=\"padding-left: 30px;\"><a href=\"\/wp-content\/uploads\/2018\/06\/Situacion2015Sem2.pdf\" target=\"_blank\" rel=\"noopener noreferrer\"><img decoding=\"async\" loading=\"lazy\" class=\"alignnone size-full wp-image-95\" src=\"\/wp-content\/uploads\/2018\/06\/icono-pdf-e1528891427387.png\" alt=\"\" width=\"70\" height=\"70\" \/><\/a><\/p>\n<p style=\"padding-left: 30px;\"><strong>Situaci\u00f3n Econ\u00f3mica (Resultado Art. 44)<\/strong><\/p>\n<p style=\"padding-left: 30px;\"><a href=\"\/wp-content\/uploads\/2018\/06\/Situacion2014Art44.pdf\" target=\"_blank\" rel=\"noopener noreferrer\"><img decoding=\"async\" loading=\"lazy\" class=\"alignnone size-full wp-image-95\" src=\"\/wp-content\/uploads\/2018\/06\/icono-pdf-e1528891427387.png\" alt=\"\" width=\"70\" height=\"70\" \/><\/a><\/p>\n<\/td>\n<\/tr>\n<tr style=\"height: 397px;\">\n<td style=\"border: none #000000; width: 489px; height: 397px;\">\n<h3>A\u00d1O 2016<\/h3>\n<p style=\"padding-left: 30px;\"><strong>Situaci\u00f3n Econ\u00f3mica (1\u00ba Semestre)<\/strong><\/p>\n<p style=\"padding-left: 30px;\"><a href=\"\/wp-content\/uploads\/2018\/06\/Situacion2016Sem1.pdf\" target=\"_blank\" rel=\"noopener noreferrer\"><img decoding=\"async\" loading=\"lazy\" class=\"alignnone size-full wp-image-95\" src=\"\/wp-content\/uploads\/2018\/06\/icono-pdf-e1528891427387.png\" alt=\"\" width=\"70\" height=\"70\" \/><\/a><\/p>\n<p style=\"padding-left: 30px;\"><strong>Situaci\u00f3n Econ\u00f3mica (2\u00ba Semestre)<\/strong><\/p>\n<p style=\"padding-left: 30px;\"><a href=\"\/wp-content\/uploads\/2018\/06\/Situacion2016Sem2.pdf\" target=\"_blank\" rel=\"noopener noreferrer\"><img decoding=\"async\" loading=\"lazy\" class=\"alignnone size-full wp-image-95\" src=\"\/wp-content\/uploads\/2018\/06\/icono-pdf-e1528891427387.png\" alt=\"\" width=\"70\" height=\"70\" \/><\/a><\/p>\n<p style=\"padding-left: 30px;\"><strong>Situaci\u00f3n Econ\u00f3mica (Anual)<\/strong><\/p>\n<p style=\"padding-left: 30px;\"><a href=\"\/wp-content\/uploads\/2018\/06\/Situacion2016Anual.pdf\" target=\"_blank\" rel=\"noopener noreferrer\"><img decoding=\"async\" loading=\"lazy\" class=\"alignnone size-full wp-image-95\" src=\"\/wp-content\/uploads\/2018\/06\/icono-pdf-e1528891427387.png\" alt=\"\" width=\"70\" height=\"70\" \/><\/a><\/p>\n<\/td>\n<td style=\"border: none; width: 489px; height: 397px;\">\n<h3>A\u00d1O 2017<\/h3>\n<p style=\"padding-left: 30px;\"><strong>Situaci\u00f3n Econ\u00f3mica (1\u00ba Semestre)<\/strong><\/p>\n<p style=\"padding-left: 30px;\"><a href=\"\/wp-content\/uploads\/2018\/06\/Situacion2017Sem1.pdf\" target=\"_blank\" rel=\"noopener noreferrer\"><img decoding=\"async\" loading=\"lazy\" class=\"alignnone size-full wp-image-95\" src=\"\/wp-content\/uploads\/2018\/06\/icono-pdf-e1528891427387.png\" alt=\"\" width=\"70\" height=\"70\" \/><\/a><\/p>\n<p style=\"padding-left: 30px;\"><strong>Situaci\u00f3n Econ\u00f3mica (2\u00ba Semestre)<\/strong><\/p>\n<p style=\"padding-left: 30px;\"><a href=\"\/wp-content\/uploads\/2018\/06\/Situacion2017Sem2.pdf\" target=\"_blank\" rel=\"noopener noreferrer\"><img decoding=\"async\" loading=\"lazy\" class=\"alignnone size-full wp-image-95\" src=\"\/wp-content\/uploads\/2018\/06\/icono-pdf-e1528891427387.png\" alt=\"\" width=\"70\" height=\"70\" \/><\/a><\/p>\n<p style=\"padding-left: 30px;\"><strong>Situaci\u00f3n Econ\u00f3mica (Anual)<\/strong><\/p>\n<p style=\"padding-left: 30px;\"><a href=\"\/wp-content\/uploads\/2018\/06\/Situacion2017Anual.pdf\" target=\"_blank\" rel=\"noopener noreferrer\"><img decoding=\"async\" loading=\"lazy\" class=\"alignnone size-full wp-image-95\" src=\"\/wp-content\/uploads\/2018\/06\/icono-pdf-e1528891427387.png\" alt=\"\" width=\"70\" height=\"70\" \/><\/a><\/p>\n<\/td>\n<\/tr>\n<tr style=\"height: 397px;\">\n<td style=\"border: none #000000; width: 489px; height: 397px;\">\n<h3>A\u00d1O 2018<\/h3>\n<p style=\"padding-left: 30px;\"><strong>Situaci\u00f3n Econ\u00f3mica (1\u00ba Semestre)<\/strong><\/p>\n<p style=\"padding-left: 30px;\"><a href=\"\/wp-content\/uploads\/2020\/06\/Situacion2018Sem1.pdf\" target=\"_blank\" rel=\"noopener noreferrer\"><img decoding=\"async\" loading=\"lazy\" class=\"alignnone size-full wp-image-95\" src=\"\/wp-content\/uploads\/2018\/06\/icono-pdf-e1528891427387.png\" alt=\"\" width=\"70\" height=\"70\" \/><\/a><\/p>\n<p style=\"padding-left: 30px;\"><strong>Situaci\u00f3n Econ\u00f3mica (2\u00ba Semestre)<\/strong><\/p>\n<p style=\"padding-left: 30px;\"><a href=\"\/wp-content\/uploads\/2020\/06\/Situacion2018Sem2.pdf\" target=\"_blank\" rel=\"noopener noreferrer\"><img decoding=\"async\" loading=\"lazy\" class=\"alignnone size-full wp-image-95\" src=\"\/wp-content\/uploads\/2018\/06\/icono-pdf-e1528891427387.png\" alt=\"\" width=\"70\" height=\"70\" \/><\/a><\/p>\n<p style=\"padding-left: 30px;\"><strong>Situaci\u00f3n Econ\u00f3mica (Anual)<\/strong><\/p>\n<p style=\"padding-left: 30px;\"><a href=\"\/wp-content\/uploads\/2020\/06\/Situacion2018Anual.pdf\" target=\"_blank\" rel=\"noopener noreferrer\"><img decoding=\"async\" loading=\"lazy\" class=\"alignnone size-full wp-image-95\" src=\"\/wp-content\/uploads\/2018\/06\/icono-pdf-e1528891427387.png\" alt=\"\" width=\"70\" height=\"70\" \/><\/a><\/p>\n<\/td>\n<td style=\"border: none; width: 489px; height: 397px;\">\n<h3>A\u00d1O 2019<\/h3>\n<p style=\"padding-left: 30px;\"><strong>Situaci\u00f3n Econ\u00f3mica (1\u00ba Semestre)<\/strong><\/p>\n<p style=\"padding-left: 30px;\"><a href=\"\/wp-content\/uploads\/2020\/06\/Situacion2019Sem1.pdf\" target=\"_blank\" rel=\"noopener noreferrer\"><img decoding=\"async\" loading=\"lazy\" class=\"alignnone size-full wp-image-95\" src=\"\/wp-content\/uploads\/2018\/06\/icono-pdf-e1528891427387.png\" alt=\"\" width=\"70\" height=\"70\" \/><\/a><\/p>\n<p style=\"padding-left: 30px;\"><strong>Situaci\u00f3n Econ\u00f3mica (2\u00ba Semestre)<\/strong><\/p>\n<p style=\"padding-left: 30px;\"><a href=\"\/wp-content\/uploads\/2020\/06\/Situacion2019Sem2.pdf\" target=\"_blank\" rel=\"noopener noreferrer\"><img decoding=\"async\" loading=\"lazy\" class=\"alignnone size-full wp-image-95\" src=\"\/wp-content\/uploads\/2018\/06\/icono-pdf-e1528891427387.png\" alt=\"\" width=\"70\" height=\"70\" \/><\/a><\/p>\n<p style=\"padding-left: 30px;\"><strong>Situaci\u00f3n Econ\u00f3mica (Anual)<\/strong><\/p>\n<p style=\"padding-left: 30px;\"><a href=\"\/wp-content\/uploads\/2020\/06\/Situacion2019Anual.pdf\" target=\"_blank\" rel=\"noopener noreferrer\"><img decoding=\"async\" loading=\"lazy\" class=\"alignnone size-full wp-image-95\" src=\"\/wp-content\/uploads\/2018\/06\/icono-pdf-e1528891427387.png\" alt=\"\" width=\"70\" height=\"70\" \/><\/a><\/p>\n<\/td>\n<\/tr>\n<tr style=\"height: 397px;\">\n<td style=\"border: none; width: 489px; height: 397px;\">\n<h3>A\u00d1O 2020<\/h3>\n<p style=\"padding-left: 30px;\"><strong>Situaci\u00f3n Econ\u00f3mica (1\u00ba Semestre)<\/strong><\/p>\n<p style=\"padding-left: 30px;\"><a href=\"wp-content\/uploads\/2020\/08\/CTA_Sit_Eco-2do-SEM-2020.pdf\" target=\"_blank\" rel=\"noopener noreferrer\"><img decoding=\"async\" loading=\"lazy\" class=\"alignnone wp-image-95 size-full\" src=\"http:\/\/www.haciendaramallo.com.ar\/wp-content\/uploads\/2018\/06\/icono-pdf-e1528891427387.png\" alt=\"\" width=\"70\" height=\"70\" \/><\/a><\/p>\n<p style=\"padding-left: 30px;\"><strong>Situaci\u00f3n Econ\u00f3mica (2\u00ba Semestre)<\/strong><\/p>\n<p style=\"padding-left: 30px;\"><a href=\"wp-content\/uploads\/2021\/04\/Situacion2020Sem2.pdf\" target=\"_blank\" rel=\"noopener noreferrer\"><img decoding=\"async\" loading=\"lazy\" class=\"alignnone wp-image-95 size-full\" src=\"http:\/\/www.haciendaramallo.com.ar\/wp-content\/uploads\/2018\/06\/icono-pdf-e1528891427387.png\" alt=\"\" width=\"70\" height=\"70\" \/><\/a><\/p>\n<p style=\"padding-left: 30px;\"><strong>Situaci\u00f3n Econ\u00f3mica (Anual)<\/strong><\/p>\n<p style=\"padding-left: 30px;\"><a href=\"wp-content\/uploads\/2021\/04\/Situacion2020Anual.pdf\" target=\"_blank\" rel=\"noopener noreferrer\"><img decoding=\"async\" loading=\"lazy\" class=\"alignnone wp-image-95 size-full\" src=\"http:\/\/www.haciendaramallo.com.ar\/wp-content\/uploads\/2018\/06\/icono-pdf-e1528891427387.png\" alt=\"\" width=\"70\" height=\"70\" \/><\/a><\/p>\n<\/td>\n<td style=\"border: none; width: 489px; height: 397px;\">\n<h3>A\u00d1O 2021<\/h3>\n<p style=\"padding-left: 30px;\"><strong>Situaci\u00f3n Econ\u00f3mica (1\u00ba Semestre)<\/strong><\/p>\n<p style=\"padding-left: 30px;\"><a href=\"wp-content\/uploads\/2021\/11\/CTA_Sit_Eco-1er-SEM-2021.pdf\" target=\"_blank\" rel=\"noopener noreferrer\"><img decoding=\"async\" loading=\"lazy\" class=\"alignnone wp-image-95 size-full\" src=\"http:\/\/www.haciendaramallo.com.ar\/wp-content\/uploads\/2018\/06\/icono-pdf-e1528891427387.png\" alt=\"\" width=\"70\" height=\"70\" \/><\/a><\/p>\n<p style=\"padding-left: 30px;\"><strong>Situaci\u00f3n Econ\u00f3mica (2\u00b0Semestre)<\/strong><\/p>\n<p style=\"padding-left: 30px;\"><a href=\"wp-content\/uploads\/2022\/03\/Situacion2021Sem2.pdf\" target=\"_blank\" rel=\"noopener noreferrer\"><img decoding=\"async\" loading=\"lazy\" class=\"alignnone wp-image-95 size-full\" src=\"http:\/\/www.haciendaramallo.com.ar\/wp-content\/uploads\/2018\/06\/icono-pdf-e1528891427387.png\" alt=\"\" width=\"70\" height=\"70\" \/><\/a><\/p>\n<p style=\"padding-left: 30px;\"><strong>Situaci\u00f3n Econ\u00f3mica (Anual)<\/strong><\/p>\n<p style=\"padding-left: 30px;\"><a href=\"wp-content\/uploads\/2022\/03\/Situacion2021Anual.pdf\" target=\"_blank\" rel=\"noopener noreferrer\"><img decoding=\"async\" loading=\"lazy\" class=\"alignnone wp-image-95 size-full\" src=\"http:\/\/www.haciendaramallo.com.ar\/wp-content\/uploads\/2018\/06\/icono-pdf-e1528891427387.png\" alt=\"\" width=\"70\" height=\"70\" \/><\/a><\/p>\n<\/td>\n<\/tr>\n<tr style=\"height: 397px;\">\n<td style=\"border: none; width: 489px; height: 397px;\">\n<h3>A\u00d1O 2022<\/h3>\n<p style=\"padding-left: 30px;\"><strong>Situaci\u00f3n Econ\u00f3mica (1\u00ba Semestre)<\/strong><\/p>\n<p style=\"padding-left: 30px;\"><a href=\"wp-content\/uploads\/2022\/07\/Situacion2022Sem1.pdf\" target=\"_blank\" rel=\"noopener noreferrer\"><img decoding=\"async\" loading=\"lazy\" class=\"alignnone wp-image-95 size-full\" src=\"http:\/\/www.haciendaramallo.com.ar\/wp-content\/uploads\/2018\/06\/icono-pdf-e1528891427387.png\" alt=\"\" width=\"70\" height=\"70\" \/><\/a><\/p>\n<p style=\"padding-left: 30px;\"><strong>Situaci\u00f3n Econ\u00f3mica (2\u00ba Semestre)<\/strong><\/p>\n<p style=\"padding-left: 30px;\"><a href=\"wp-content\/uploads\/2022\/07\/Situacion2022Sem2.pdf\" target=\"_blank\" rel=\"noopener noreferrer\"><img decoding=\"async\" loading=\"lazy\" class=\"alignnone wp-image-95 size-full\" src=\"http:\/\/www.haciendaramallo.com.ar\/wp-content\/uploads\/2018\/06\/icono-pdf-e1528891427387.png\" alt=\"\" width=\"70\" height=\"70\" \/><\/a><\/p>\n<p style=\"padding-left: 30px;\"><strong>Situaci\u00f3n Econ\u00f3mica (Anual)<\/strong><\/p>\n<p style=\"padding-left: 30px;\"><a href=\"wp-content\/uploads\/2022\/07\/Situacion2022Anual.pdf\" target=\"_blank\" rel=\"noopener noreferrer\"><img decoding=\"async\" loading=\"lazy\" class=\"alignnone wp-image-95 size-full\" src=\"http:\/\/www.haciendaramallo.com.ar\/wp-content\/uploads\/2018\/06\/icono-pdf-e1528891427387.png\" alt=\"\" width=\"70\" height=\"70\" \/><\/a><\/p>\n<\/td>\n<td style=\"border: none; width: 489px; height: 397px;\">\n<h3>A\u00d1O 2023<\/h3>\n<p style=\"padding-left: 30px;\"><strong>Situaci\u00f3n Econ\u00f3mica (1\u00ba Semestre)<\/strong><\/p>\n<p style=\"padding-left: 30px;\"><a href=\"wp-content\/uploads\/2023\/07\/Situacion2023Sem1.pdf\" target=\"_blank\" rel=\"noopener noreferrer\"><img decoding=\"async\" loading=\"lazy\" class=\"alignnone wp-image-95 size-full\" src=\"http:\/\/www.haciendaramallo.com.ar\/wp-content\/uploads\/2018\/06\/icono-pdf-e1528891427387.png\" alt=\"\" width=\"70\" height=\"70\" \/><\/a><\/p>\n<p style=\"padding-left: 30px;\"><strong>Situaci\u00f3n Econ\u00f3mica (2\u00ba Semestre)<\/strong><\/p>\n<p style=\"padding-left: 30px;\"><a href=\"wp-content\/uploads\/2024\/04\/Sit_Eco-2do-sem-2023.pdf\" target=\"_blank\" rel=\"noopener noreferrer\"><img decoding=\"async\" loading=\"lazy\" class=\"alignnone wp-image-95 size-full\" src=\"http:\/\/www.haciendaramallo.com.ar\/wp-content\/uploads\/2018\/06\/icono-pdf-e1528891427387.png\" alt=\"\" width=\"70\" height=\"70\" \/><\/a><\/p>\n<p style=\"padding-left: 30px;\"><strong>Situaci\u00f3n Econ\u00f3mica (Anual)<\/strong><\/p>\n<p style=\"padding-left: 30px;\"><a href=\"wp-content\/uploads\/2024\/04\/Sit_Eco-Anual-2023.pdf\" target=\"_blank\" rel=\"noopener noreferrer\"><img decoding=\"async\" loading=\"lazy\" class=\"alignnone wp-image-95 size-full\" src=\"http:\/\/www.haciendaramallo.com.ar\/wp-content\/uploads\/2018\/06\/icono-pdf-e1528891427387.png\" alt=\"\" width=\"70\" height=\"70\" \/><\/a><\/p>\n<\/td>\n<\/tr>\n<tr style=\"height: 397px;\">\n<td style=\"border: none; width: 489px; height: 397px;\">\n<h3>A\u00d1O 2024<\/h3>\n<p style=\"padding-left: 30px;\"><strong>Situaci\u00f3n Econ\u00f3mica (1\u00ba Semestre)<\/strong><\/p>\n<p style=\"padding-left: 30px;\"><a href=\"wp-content\/uploads\/2024\/07\/Sit_Eco1Sem2024.pdf\" target=\"_blank\" rel=\"noopener noreferrer\"><img decoding=\"async\" loading=\"lazy\" class=\"alignnone wp-image-95 size-full\" src=\"http:\/\/www.haciendaramallo.com.ar\/wp-content\/uploads\/2018\/06\/icono-pdf-e1528891427387.png\" alt=\"\" width=\"70\" height=\"70\" \/><\/a><\/p>\n<p style=\"padding-left: 30px;\"><strong>Situaci\u00f3n Econ\u00f3mica (2\u00ba Semestre)<\/strong><\/p>\n<p style=\"padding-left: 30px;\"><a href=\"wp-content\/uploads\/2025\/04\/CTA_Sit_Eco-2do-sem-2024.pdf\" target=\"_blank\" rel=\"noopener noreferrer\"><img decoding=\"async\" loading=\"lazy\" class=\"alignnone wp-image-95 size-full\" src=\"http:\/\/www.haciendaramallo.com.ar\/wp-content\/uploads\/2018\/06\/icono-pdf-e1528891427387.png\" alt=\"\" width=\"70\" height=\"70\" \/><\/a><\/p>\n<p style=\"padding-left: 30px;\"><strong>Situaci\u00f3n Econ\u00f3mica (Anual)<\/strong><\/p>\n<p style=\"padding-left: 30px;\"><a href=\"wp-content\/uploads\/2025\/04\/Sit_Eco-anual-2024.pdf\" target=\"_blank\" rel=\"noopener noreferrer\"><img decoding=\"async\" loading=\"lazy\" class=\"alignnone wp-image-95 size-full\" src=\"http:\/\/www.haciendaramallo.com.ar\/wp-content\/uploads\/2018\/06\/icono-pdf-e1528891427387.png\" alt=\"\" width=\"70\" height=\"70\" \/><\/a><\/p>\n<\/td>\n<td style=\"border: none; width: 489px; height: 397px;\">\n<h3>A\u00d1O 2025<\/h3>\n<p style=\"padding-left: 30px;\"><strong>Situaci\u00f3n Econ\u00f3mica (1\u00ba Semestre)<\/strong><\/p>\n<p style=\"padding-left: 30px;\"><a href=\"wp-content\/uploads\/2025\/07\/Sit_Eco1Sem2025.pdf\" target=\"_blank\" rel=\"noopener noreferrer\"><img decoding=\"async\" loading=\"lazy\" class=\"alignnone wp-image-95 size-full\" src=\"http:\/\/www.haciendaramallo.com.ar\/wp-content\/uploads\/2018\/06\/icono-pdf-e1528891427387.png\" alt=\"\" width=\"70\" height=\"70\" \/><\/a><\/p>\n<p style=\"padding-left: 30px;\"><strong>Situaci\u00f3n Econ\u00f3mica (2\u00ba Semestre)<\/strong><\/p>\n<p style=\"padding-left: 30px;\"><a href=\"wp-content\/uploads\/2026\/03\/Memoria-general-2do-semestral-2025.pdf\" target=\"_blank\" rel=\"noopener noreferrer\"><img decoding=\"async\" loading=\"lazy\" class=\"alignnone wp-image-95 size-full\" src=\"http:\/\/www.haciendaramallo.com.ar\/wp-content\/uploads\/2018\/06\/icono-pdf-e1528891427387.png\" alt=\"\" width=\"70\" height=\"70\" \/><\/a><\/p>\n<p style=\"padding-left: 30px;\"><strong>Situaci\u00f3n Econ\u00f3mica (Anual)<\/strong><\/p>\n<p style=\"padding-left: 30px;\"><a href=\"wp-content\/uploads\/2026\/03\/memoria-gral-anual-2025-1.pdf\" target=\"_blank\" rel=\"noopener noreferrer\"><img decoding=\"async\" loading=\"lazy\" class=\"alignnone wp-image-95 size-full\" src=\"http:\/\/www.haciendaramallo.com.ar\/wp-content\/uploads\/2018\/06\/icono-pdf-e1528891427387.png\" alt=\"\" width=\"70\" height=\"70\" \/><\/a><\/p>\n<\/td>\n<\/tr>\n<\/tbody>\n<\/table>\n<p>&nbsp;<\/p>\n","protected":false},"excerpt":{"rendered":"<p>A\u00d1O 2012 Situaci\u00f3n Econ\u00f3mica (2\u00ba Semestre) Situaci\u00f3n Econ\u00f3mica (Resultado Art. 44) &nbsp; &nbsp; &nbsp; A\u00d1O 2013 Situaci\u00f3n Econ\u00f3mica (1\u00ba Semestre) Situaci\u00f3n Econ\u00f3mica (2\u00ba Semestre) Situaci\u00f3n Econ\u00f3mica (Resultado Art. 44) A\u00d1O &#8230;<\/p>\n","protected":false},"author":1,"featured_media":0,"parent":0,"menu_order":0,"comment_status":"closed","ping_status":"closed","template":"","meta":{"footnotes":"","powered_cache_disable_cache":false},"_links":{"self":[{"href":"http:\/\/haciendaramallo.com.ar\/index.php?rest_route=\/wp\/v2\/pages\/63"}],"collection":[{"href":"http:\/\/haciendaramallo.com.ar\/index.php?rest_route=\/wp\/v2\/pages"}],"about":[{"href":"http:\/\/haciendaramallo.com.ar\/index.php?rest_route=\/wp\/v2\/types\/page"}],"author":[{"embeddable":true,"href":"http:\/\/haciendaramallo.com.ar\/index.php?rest_route=\/wp\/v2\/users\/1"}],"replies":[{"embeddable":true,"href":"http:\/\/haciendaramallo.com.ar\/index.php?rest_route=%2Fwp%2Fv2%2Fcomments&post=63"}],"version-history":[{"count":46,"href":"http:\/\/haciendaramallo.com.ar\/index.php?rest_route=\/wp\/v2\/pages\/63\/revisions"}],"predecessor-version":[{"id":1443,"href":"http:\/\/haciendaramallo.com.ar\/index.php?rest_route=\/wp\/v2\/pages\/63\/revisions\/1443"}],"wp:attachment":[{"href":"http:\/\/haciendaramallo.com.ar\/index.php?rest_route=%2Fwp%2Fv2%2Fmedia&parent=63"}],"curies":[{"name":"wp","href":"https:\/\/api.w.org\/{rel}","templated":true}]}}